{"id":183,"date":"2014-05-28T16:15:32","date_gmt":"2014-05-28T16:15:32","guid":{"rendered":"http:\/\/pukara.org\/wordpress\/?page_id=183"},"modified":"2017-08-23T17:50:37","modified_gmt":"2017-08-23T17:50:37","slug":"pucara-artesania","status":"publish","type":"page","link":"https:\/\/pukara.org\/?page_id=183","title":{"rendered":"Pucar\u00e1 artesan\u00eda (crafts)"},"content":{"rendered":"<p>Pucar\u00e1 and surrounding communities have a very long tradition of craft production (<em>artesan\u00eda<\/em>) focused primarily on pottery and textiles. Included are links to both popular and scholarly resources for those interested in these fascinating and dynamic traditions.<\/p>\n<ul>\n<li><a href=\"http:\/\/vimeo.com\/61783247\" target=\"_blank\"><em>Pucar\u00e1: Hacedores de Cer\u00e1mica<\/em><\/a>\u00a0trailer,\u00a0<a href=\"https:\/\/vimeo.com\/159452143\" target=\"_blank\">full documentary <\/a>(2014)<\/li>\n<li>Article in <a href=\"https:\/\/tell.lamula.pe\/2015\/06\/11\/estreno-pucara-hacedores-de-ceramica\/tell\/\" target=\"_blank\">La Mula<\/a>\u00a0on 2014 documentary (in Spanish)<\/li>\n<li><a href=\"https:\/\/www.facebook.com\/promperu\/videos\/955795304466093\/\" target=\"_blank\"><em>Pucar\u00e1, La Tierra del Torito<\/em><\/a> (2015, PromPer\u00fa clip)<\/li>\n<li>&#8220;<a href=\"http:\/\/www.cpap.pe\/node\/71\" target=\"_blank\">La Simbolog\u00eda Totemica del Torito de Pucara<\/a>&#8221; (by anthropologist Fredy Reyes Apaza)<\/li>\n<\/ul>\n<figure id=\"attachment_666\" aria-describedby=\"caption-attachment-666\" style=\"width: 216px\" class=\"wp-caption alignleft\"><a href=\"http:\/\/pukara.org\/wp-content\/uploads\/2017\/08\/Pucara_Documental.jpg\"><img decoding=\"async\" loading=\"lazy\" class=\"wp-image-666 size-medium alignleft\" src=\"http:\/\/pukara.org\/wp-content\/uploads\/2017\/08\/Pucara_Documental-216x300.jpg\" alt=\"Pucara_Documental\" width=\"216\" height=\"300\" srcset=\"https:\/\/pukara.org\/wp-content\/uploads\/2017\/08\/Pucara_Documental-216x300.jpg 216w, https:\/\/pukara.org\/wp-content\/uploads\/2017\/08\/Pucara_Documental.jpg 576w\" sizes=\"(max-width: 216px) 100vw, 216px\" \/><\/a><figcaption id=\"caption-attachment-666\" class=\"wp-caption-text\">Pucar\u00e1 Documentary<\/figcaption><\/figure>\n<figure style=\"width: 300px\" class=\"wp-caption alignright\"><a href=\"http:\/\/pukara.org\/wp-content\/uploads\/2014\/05\/Potter.jpg\"><img decoding=\"async\" loading=\"lazy\" class=\"wp-image-471 size-medium\" src=\"http:\/\/pukara.org\/wp-content\/uploads\/2014\/05\/Potter-300x201.jpg\" alt=\"Hand building in Pucar\u00e1 \" width=\"300\" height=\"201\" srcset=\"https:\/\/pukara.org\/wp-content\/uploads\/2014\/05\/Potter-300x201.jpg 300w, https:\/\/pukara.org\/wp-content\/uploads\/2014\/05\/Potter.jpg 1024w, https:\/\/pukara.org\/wp-content\/uploads\/2014\/05\/Potter-624x417.jpg 624w\" sizes=\"(max-width: 300px) 100vw, 300px\" \/><\/a><figcaption class=\"wp-caption-text\">Hand building in Pucar\u00e1<\/figcaption><\/figure>\n<p>&nbsp;<\/p>\n","protected":false},"excerpt":{"rendered":"<p>Pucar\u00e1 and surrounding communities have a very long tradition of craft production (artesan\u00eda) focused primarily on pottery and textiles. Included are links to both popular and scholarly resources for those interested in these fascinating and dynamic traditions. Pucar\u00e1: Hacedores de Cer\u00e1mica\u00a0trailer,\u00a0full documentary (2014) Article in La Mula\u00a0on 2014 documentary (in Spanish) Pucar\u00e1, La Tierra del&hellip; <\/p>\n<p class=\"toivo-read-more\"><a href=\"https:\/\/pukara.org\/?page_id=183\" class=\"more-link\">Read more <span class=\"screen-reader-text\">Pucar\u00e1 artesan\u00eda (crafts)<\/span><\/a><\/p>\n","protected":false},"author":1,"featured_media":0,"parent":203,"menu_order":1,"comment_status":"open","ping_status":"closed","template":"","meta":[],"_links":{"self":[{"href":"https:\/\/pukara.org\/index.php?rest_route=\/wp\/v2\/pages\/183"}],"collection":[{"href":"https:\/\/pukara.org\/index.php?rest_route=\/wp\/v2\/pages"}],"about":[{"href":"https:\/\/pukara.org\/index.php?rest_route=\/wp\/v2\/types\/page"}],"author":[{"embeddable":true,"href":"https:\/\/pukara.org\/index.php?rest_route=\/wp\/v2\/users\/1"}],"replies":[{"embeddable":true,"href":"https:\/\/pukara.org\/index.php?rest_route=%2Fwp%2Fv2%2Fcomments&post=183"}],"version-history":[{"count":26,"href":"https:\/\/pukara.org\/index.php?rest_route=\/wp\/v2\/pages\/183\/revisions"}],"predecessor-version":[{"id":678,"href":"https:\/\/pukara.org\/index.php?rest_route=\/wp\/v2\/pages\/183\/revisions\/678"}],"up":[{"embeddable":true,"href":"https:\/\/pukara.org\/index.php?rest_route=\/wp\/v2\/pages\/203"}],"wp:attachment":[{"href":"https:\/\/pukara.org\/index.php?rest_route=%2Fwp%2Fv2%2Fmedia&parent=183"}],"curies":[{"name":"wp","href":"https:\/\/api.w.org\/{rel}","templated":true}]}}