{"id":135,"date":"2014-05-27T01:35:02","date_gmt":"2014-05-27T01:35:02","guid":{"rendered":"http:\/\/pukara.org\/wordpress\/?page_id=135"},"modified":"2017-09-13T00:58:22","modified_gmt":"2017-09-13T00:58:22","slug":"other-andes","status":"publish","type":"page","link":"https:\/\/pukara.org\/?page_id=135","title":{"rendered":"Andes Info"},"content":{"rendered":"<p>This page includes links to organizations and other resources related to the Andes. They are probably Peru-centric and Puno-centric! Links to Andean archaeology are included under <a href=\"http:\/\/pukara.org\/?page_id=133\" target=\"_blank\">Research<\/a>.<\/p>\n<p><strong>Media sources<\/strong><\/p>\n<ul>\n<li><a href=\"http:\/\/elcomercio.pe\/\" target=\"_blank\">El Comercio <\/a>(Lima, national newspaper)<\/li>\n<li><a href=\"http:\/\/www.losandes.com.pe\/\" target=\"_blank\">Los Andes<\/a> (Puno newspaper)<\/li>\n<li><a href=\"http:\/\/www.pachamamaradio.org\/\" target=\"_blank\">Pachamama Radio<\/a> (Puno radio station)<\/li>\n<li><a href=\"http:\/\/www.peruviantimes.com\/\" target=\"_blank\">The Peruvian Times<\/a>\u00a0(online news magazine) &amp; <a href=\"http:\/\/www.peruviantimes.com\/category\/exploration\/travel-tourism\/\" target=\"_blank\">tourism section<\/a><\/li>\n<li><a href=\"http:\/\/www.onlinenewspapers.com\/peru.htm\" target=\"_blank\">List of Online Peruvian Newspapers<\/a>\u00a0&amp; <a href=\"http:\/\/www.abyznewslinks.com\/peru.htm\" target=\"_blank\">more<\/a><\/li>\n<\/ul>\n<p><strong>Regional Museums<\/strong><\/p>\n<ul>\n<li><a href=\"http:\/\/map.museolarco.org\/museo_en.html\" target=\"_blank\">Museo de Arte Precolombino<\/a> (Cuzco)<\/li>\n<li>Inka Museum (Cuzco)<\/li>\n<li>Casa Concha (Cuzco)<\/li>\n<li><a href=\"http:\/\/www.cultura.gob.pe\/\" target=\"_blank\">Museo Nacional del Peru<\/a> (Lima)<\/li>\n<li><a href=\"http:\/\/www.cultura.gob.pe\/es\/tags\/museo-nacional-de-arqueologia-antropologia-e-historia-del-peru\" target=\"_blank\">Museo Nacional de Arqueolog\u00eda, Antropolog\u00eda e Historia del Per\u00fa<\/a> (Lima)<\/li>\n<li><a href=\"http:\/\/www.museolarco.org\/\" target=\"_blank\">Larco Museum<\/a> (Lima)<\/li>\n<li><a href=\"http:\/\/www.museoroperu.com.pe\/museum.html\" target=\"_blank\">Museo Oro del Per\u00fa<\/a>\u00a0(Lima)<\/li>\n<li><a href=\"http:\/\/www.museocontisuyo.com\/article.php?cd=123\" target=\"_blank\">Museo Contisuyu<\/a> (Moquegua)<\/li>\n<li><a href=\"http:\/\/www.munipuno.gob.pe\/muni7\/travel2\/149-varios\/museo\/617-museo-municipal-carlos-dreyer\" target=\"_blank\">Museo Municipal Carlos Dreyer<\/a> (Puno)<\/li>\n<li><a href=\"http:\/\/www.museotumbasreales.com\/\" target=\"_blank\">Museo Tumbas Reales de Sip\u00e1n<\/a> (Sip\u00e1n)<\/li>\n<\/ul>\n<p><strong>Cultural Anthropology<\/strong><\/p>\n<ul>\n<li><a href=\"http:\/\/chijnayafoundation.org\/\" target=\"_blank\">Chijnaya Foundation<\/a> (Foundation that works in partnership with rural communities in S. Peru to\u00a0design and implement self-sustaining projects in health, education, and economic development).<\/li>\n<li><a href=\"https:\/\/gringotambo.wordpress.com\/\" target=\"_blank\">Gringo Tambo<\/a> (Blog by anthropologists working in Bolivia)<\/li>\n<\/ul>\n<p><strong>Language\u00a0<\/strong><\/p>\n<ul>\n<li><a href=\"http:\/\/www.mapasonoro.cultura.pe\/#list2\" target=\"_blank\">Map of Indigenous Languages of Peru<\/a> (in Spanish)<\/li>\n<li><a href=\"http:\/\/clas.osu.edu\/resources\/quechua\" target=\"_blank\">Resources for the Study of Quechua<\/a> (Ohio State University)<\/li>\n<\/ul>\n<p><strong>Folklore, Music &amp; Dance<\/strong><\/p>\n<ul>\n<li><a href=\"http:\/\/perufolklorico.blogspot.pe\/\" target=\"_blank\">Peru Folkl\u00f3rico Revista Virtual<\/a><\/li>\n<li>Information about <a href=\"http:\/\/www.festival.si.edu\/2015\/peru\/smithsonian\" target=\"_blank\">Peru from the Smithsonian Folklife Festival<\/a> (2015)<\/li>\n<li><a href=\"http:\/\/www.festival.si.edu\/2015\/peru\/performing-and-visual-arts\/afro-peruvian-music\/smithsonian\" target=\"_blank\">Afro-Peruvian music<\/a>, information from the Smithsonian Folklife Festival (2015)<\/li>\n<li><a href=\"http:\/\/ide.pucp.edu.pe\/english\/index.php?option=com_publication&amp;task=vista&amp;id=16&amp;Itemid=32\" target=\"_blank\">Institute of Ethnomusicology<\/a>, Catholic University in Lima (PUCP) &amp; <a href=\"http:\/\/ide.pucp.edu.pe\/english\/index.php?option=com_publication&amp;task=vista&amp;id=45&amp;Itemid=41\" target=\"_blank\">incredible list of links<\/a><\/li>\n<li><a href=\"https:\/\/www.youtube.com\/watch?v=W623OlPrYtU\" target=\"_blank\">Ethnomusicology Field School in Huancayo<\/a> (video), Catholic University in Lima (PUCP)<\/li>\n<li><a href=\"https:\/\/ich.unesco.org\/en\/RL\/festivity-of-virgen-de-la-candelaria-of-puno-00956\" target=\"_blank\">Festival of the Virgin of the Candelaria<\/a> (Puno), UNESCO Intangible World Heritage List (2014)<\/li>\n<\/ul>\n","protected":false},"excerpt":{"rendered":"<p>This page includes links to organizations and other resources related to the Andes. They are probably Peru-centric and Puno-centric! Links to Andean archaeology are included under Research. Media sources El Comercio (Lima, national newspaper) Los Andes (Puno newspaper) Pachamama Radio (Puno radio station) The Peruvian Times\u00a0(online news magazine) &amp; tourism section List of Online Peruvian&hellip; <\/p>\n<p class=\"toivo-read-more\"><a href=\"https:\/\/pukara.org\/?page_id=135\" class=\"more-link\">Read more <span class=\"screen-reader-text\">Andes Info<\/span><\/a><\/p>\n","protected":false},"author":1,"featured_media":0,"parent":49,"menu_order":3,"comment_status":"open","ping_status":"open","template":"","meta":[],"_links":{"self":[{"href":"https:\/\/pukara.org\/index.php?rest_route=\/wp\/v2\/pages\/135"}],"collection":[{"href":"https:\/\/pukara.org\/index.php?rest_route=\/wp\/v2\/pages"}],"about":[{"href":"https:\/\/pukara.org\/index.php?rest_route=\/wp\/v2\/types\/page"}],"author":[{"embeddable":true,"href":"https:\/\/pukara.org\/index.php?rest_route=\/wp\/v2\/users\/1"}],"replies":[{"embeddable":true,"href":"https:\/\/pukara.org\/index.php?rest_route=%2Fwp%2Fv2%2Fcomments&post=135"}],"version-history":[{"count":14,"href":"https:\/\/pukara.org\/index.php?rest_route=\/wp\/v2\/pages\/135\/revisions"}],"predecessor-version":[{"id":684,"href":"https:\/\/pukara.org\/index.php?rest_route=\/wp\/v2\/pages\/135\/revisions\/684"}],"up":[{"embeddable":true,"href":"https:\/\/pukara.org\/index.php?rest_route=\/wp\/v2\/pages\/49"}],"wp:attachment":[{"href":"https:\/\/pukara.org\/index.php?rest_route=%2Fwp%2Fv2%2Fmedia&parent=135"}],"curies":[{"name":"wp","href":"https:\/\/api.w.org\/{rel}","templated":true}]}}